{"id":6583,"date":"2026-05-15T19:18:54","date_gmt":"2026-05-15T17:18:54","guid":{"rendered":"https:\/\/pinceladasdeespana.es\/?post_type=product&#038;p=6583"},"modified":"2026-05-15T19:33:55","modified_gmt":"2026-05-15T17:33:55","slug":"jose-antonio-espinosa-30-31-mayo","status":"publish","type":"product","link":"https:\/\/pinceladasdeespana.es\/en\/producto\/jose-antonio-espinosa-30-31-mayo\/","title":{"rendered":"Jos\u00e9 Antonio Espinosa de los Monteros | 30-31 May | Madrid"},"content":{"rendered":"<div class=\"elementor-post__excerpt\">\n<h1>Taller de acuarela con Jos\u00e9 Antonio Espinosa de los Monteros.<\/h1>\n<h2>Modalidad: Caminos.<\/h2>\n<p>Location: Tensegrity Space <a href=\"https:\/\/www.google.com\/maps\/place\/\/data=!4m2!3m1!1s0xd42291d93de2aab:0x4706d1d3318775a9?sa=X&amp;ved=1t:8290&amp;ictx=111\" target=\"_blank\" rel=\"noopener\">C\/ del Buen Suceso, 25. Moncloa-Aravaca (Madrid)<\/a> Metro: Arg\u00fcelles-Ventura Rodr\u00edguez<\/p>\n<p>Timetable:<\/p>\n<p>S\u00e1bado 30 de mayo \u2013 10:00 a 20:00 (dos horas de descanso, 14:00 a 16:00).<\/p>\n<p>Domingo 31 de mayo \u2013 10:00 a 14:00<\/p>\n<p>Total: 12 hours of workshop.<\/p>\n<h6>DOSIER (ESP)<\/h6>\n<a href=\"https:\/\/pinceladasdeespana.es\/wp-content\/uploads\/2026\/05\/DOSIER-JOSE-ANTONIO-ESPINOSA-MADRID-ESP.pdf\" class=\"pdfemb-viewer\" style=\"\" data-width=\"max\" data-height=\"max\" data-toolbar=\"bottom\" data-toolbar-fixed=\"off\">DOSIER JOSE ANTONIO ESPINOSA MADRID ESP<\/a>\n<\/div>","protected":false},"excerpt":{"rendered":"<p data-start=\"0\" data-end=\"245\">\u2728Paisaje natural y composici\u00f3n del camino: estudio del camino como elemento conductor dentro de la composici\u00f3n, aprendiendo a construir escenas equilibradas y con profundidad a trav\u00e9s del paisaje natural y la relaci\u00f3n entre los distintos planos.<\/p>\n<p data-start=\"247\" data-end=\"514\">\ud83c\udf3fAtm\u00f3sfera, estaciones y color: observaci\u00f3n de los cambios que experimenta la naturaleza a lo largo de las estaciones, trabajando c\u00f3mo afectan a la luz, la vegetaci\u00f3n, el color y la ambientaci\u00f3n de cada acuarela para lograr escenas llenas de sensibilidad y car\u00e1cter.<\/p>\n<p data-start=\"516\" data-end=\"739\">\ud83d\udd8c\ufe0fS\u00edntesis y lenguaje de la acuarela: desarrollo de la capacidad de simplificar el paisaje y quedarse con lo esencial, entendiendo c\u00f3mo transformar lo observado en manchas, formas y pinceladas con intenci\u00f3n y personalidad.<\/p>\n<p data-start=\"741\" data-end=\"956\">\ud83d\udca7T\u00e9cnica y control del agua: trabajo de la acuarela desde un enfoque pr\u00e1ctico y directo, comprendiendo el comportamiento del agua, las transparencias, las mezclas de color y la construcci\u00f3n de atm\u00f3sferas naturales.<\/p>\n<p data-start=\"958\" data-end=\"1182\">\ud83c\udf04Interpretaci\u00f3n personal del paisaje: b\u00fasqueda de una mirada propia frente al entorno, aprendiendo a sentirse c\u00f3modo ante el paisaje y a interpretar cada escena desde la sensibilidad y el nivel t\u00e9cnico de cada participante.<\/p>\n<p data-start=\"1184\" data-end=\"1409\">\ud83c\udfa8Ejercicios pr\u00e1cticos y demostraciones: el taller combinar\u00e1 demostraciones pict\u00f3ricas del artista con ejercicios pr\u00e1cticos guiados, permitiendo aplicar los conceptos trabajados y afianzar el aprendizaje durante las sesiones.<\/p>\n<p data-start=\"1411\" data-end=\"1495\" data-is-last-node=\"\" data-is-only-node=\"\">\u00a1NO TE PIERDAS ESTE PRECIOSO TALLER DE ACUARELA Y PAISAJE CON JOS\u00c9 ANTONIO ESPINOSA!<\/p>","protected":false},"featured_media":6585,"comment_status":"closed","ping_status":"closed","template":"","meta":{"site-sidebar-layout":"default","site-content-layout":"","ast-site-content-layout":"default","site-content-style":"default","site-sidebar-style":"default","ast-global-header-display":"","ast-banner-title-visibility":"","ast-main-header-display":"","ast-hfb-above-header-display":"","ast-hfb-below-header-display":"","ast-hfb-mobile-header-display":"","site-post-title":"","ast-breadcrumbs-content":"","ast-featured-img":"","footer-sml-layout":"","ast-disable-related-posts":"","theme-transparent-header-meta":"default","adv-header-id-meta":"","stick-header-meta":"","header-above-stick-meta":"","header-main-stick-meta":"","header-below-stick-meta":"","astra-migrate-meta-layouts":"set","ast-page-background-enabled":"default","ast-page-background-meta":{"desktop":{"background-color":"var(--ast-global-color-4)","background-image":"","background-repeat":"repeat","background-position":"center center","background-size":"auto","background-attachment":"scroll","background-type":"","background-media":"","overlay-type":"","overlay-color":"","overlay-opacity":"","overlay-gradient":""},"tablet":{"background-color":"","background-image":"","background-repeat":"repeat","background-position":"center center","background-size":"auto","background-attachment":"scroll","background-type":"","background-media":"","overlay-type":"","overlay-color":"","overlay-opacity":"","overlay-gradient":""},"mobile":{"background-color":"","background-image":"","background-repeat":"repeat","background-position":"center center","background-size":"auto","background-attachment":"scroll","background-type":"","background-media":"","overlay-type":"","overlay-color":"","overlay-opacity":"","overlay-gradient":""}},"ast-content-background-meta":{"desktop":{"background-color":"var(--ast-global-color-5)","background-image":"","background-repeat":"repeat","background-position":"center center","background-size":"auto","background-attachment":"scroll","background-type":"","background-media":"","overlay-type":"","overlay-color":"","overlay-opacity":"","overlay-gradient":""},"tablet":{"background-color":"var(--ast-global-color-5)","background-image":"","background-repeat":"repeat","background-position":"center center","background-size":"auto","background-attachment":"scroll","background-type":"","background-media":"","overlay-type":"","overlay-color":"","overlay-opacity":"","overlay-gradient":""},"mobile":{"background-color":"var(--ast-global-color-5)","background-image":"","background-repeat":"repeat","background-position":"center center","background-size":"auto","background-attachment":"scroll","background-type":"","background-media":"","overlay-type":"","overlay-color":"","overlay-opacity":"","overlay-gradient":""}},"_joinchat":[]},"product_brand":[],"product_cat":[39,92],"product_tag":[95,111,112],"class_list":{"0":"post-6583","1":"product","2":"type-product","3":"status-publish","4":"has-post-thumbnail","6":"product_cat-madrid","7":"product_cat-agrupacion-acuarelistas-cataluna","8":"product_tag-acuarela","9":"product_tag-caminos","10":"product_tag-paisajes","11":"desktop-align-left","12":"tablet-align-left","13":"mobile-align-left","15":"first","16":"instock","17":"downloadable","18":"shipping-taxable","19":"purchasable","20":"product-type-simple"},"_links":{"self":[{"href":"https:\/\/pinceladasdeespana.es\/en\/wp-json\/wp\/v2\/product\/6583","targetHints":{"allow":["GET"]}}],"collection":[{"href":"https:\/\/pinceladasdeespana.es\/en\/wp-json\/wp\/v2\/product"}],"about":[{"href":"https:\/\/pinceladasdeespana.es\/en\/wp-json\/wp\/v2\/types\/product"}],"replies":[{"embeddable":true,"href":"https:\/\/pinceladasdeespana.es\/en\/wp-json\/wp\/v2\/comments?post=6583"}],"wp:featuredmedia":[{"embeddable":true,"href":"https:\/\/pinceladasdeespana.es\/en\/wp-json\/wp\/v2\/media\/6585"}],"wp:attachment":[{"href":"https:\/\/pinceladasdeespana.es\/en\/wp-json\/wp\/v2\/media?parent=6583"}],"wp:term":[{"taxonomy":"product_brand","embeddable":true,"href":"https:\/\/pinceladasdeespana.es\/en\/wp-json\/wp\/v2\/product_brand?post=6583"},{"taxonomy":"product_cat","embeddable":true,"href":"https:\/\/pinceladasdeespana.es\/en\/wp-json\/wp\/v2\/product_cat?post=6583"},{"taxonomy":"product_tag","embeddable":true,"href":"https:\/\/pinceladasdeespana.es\/en\/wp-json\/wp\/v2\/product_tag?post=6583"}],"curies":[{"name":"wp","href":"https:\/\/api.w.org\/{rel}","templated":true}]}}