{"id":6537,"date":"2026-05-08T17:30:28","date_gmt":"2026-05-08T15:30:28","guid":{"rendered":"https:\/\/pinceladasdeespana.es\/?post_type=product&#038;p=6537"},"modified":"2026-05-08T18:51:30","modified_gmt":"2026-05-08T16:51:30","slug":"bego-vinuela-23-mayo-madrid","status":"publish","type":"product","link":"https:\/\/pinceladasdeespana.es\/en\/producto\/bego-vinuela-23-mayo-madrid\/","title":{"rendered":"Bego Vi\u00f1uela : 23 May : Madrid"},"content":{"rendered":"<div class=\"elementor-post__excerpt\">\n<h1>Taller de escritura con Bego Vi\u00f1uela.<\/h1>\n<h2>Modalidad: Caligraf\u00eda inglesa.<\/h2>\n<p>Location: Tensegrity Space <a href=\"https:\/\/www.google.com\/maps\/place\/\/data=!4m2!3m1!1s0xd42291d93de2aab:0x4706d1d3318775a9?sa=X&amp;ved=1t:8290&amp;ictx=111\" target=\"_blank\" rel=\"noopener\">C\/ del Buen Suceso, 25. Moncloa-Aravaca (Madrid)<\/a> Metro: Arg\u00fcelles-Ventura Rodr\u00edguez<\/p>\n<p>Timetable:<\/p>\n<p>S\u00e1bado 23 de mayo \u2013 10:00 a 20:00 (dos horas de descanso, 14:00 a 16:00).<\/p>\n<p>Total: 8 horas de taller.<\/p>\n<h6>DOSIER (ESP)<\/h6>\n<a href=\"https:\/\/pinceladasdeespana.es\/wp-content\/uploads\/2026\/05\/DOSIER-BEGO-VINUELA-1.pdf\" class=\"pdfemb-viewer\" style=\"\" data-width=\"max\" data-height=\"max\" data-toolbar=\"bottom\" data-toolbar-fixed=\"off\">DOSIER BEGO VI\u00d1UELA<\/a>\n<\/div>","protected":false},"excerpt":{"rendered":"<p>\u2712\ufe0fTrazos b\u00e1sicos y construcci\u00f3n de la letra: aprendizaje e interiorizaci\u00f3n de los trazos esenciales de la caligraf\u00eda inglesa o Copperplate, comprensi\u00f3n del ritmo de la escritura y construcci\u00f3n progresiva de las letras por grupos para facilitar su aprendizaje.<\/p>\n<p>\ud83d\udd8b\ufe0fHerramientas y t\u00e9cnica caligr\u00e1fica: familiarizaci\u00f3n con el uso del palillero, la plumilla, la tinta y el papel, entendiendo la funci\u00f3n de cada herramienta y c\u00f3mo influyen en el grosor, fluidez y elegancia del trazo.<\/p>\n<p>\ud83d\udd6f\ufe0fRitmo, precisi\u00f3n y ornamentaci\u00f3n: desarrollo de una escritura equilibrada y arm\u00f3nica, control de la presi\u00f3n y direcci\u00f3n de la l\u00ednea, y trabajo de las may\u00fasculas ornamentales llenas de car\u00e1cter, belleza y expresividad.<\/p>\n<p>\ud83d\udcdcComposici\u00f3n y encaje del texto: aprendizaje de c\u00f3mo estructurar palabras y peque\u00f1os textos dentro del formato de la hoja, buscando equilibrio visual, limpieza y coherencia compositiva en cada pieza.<\/p>\n<p>\ud83c\udfa8Creaci\u00f3n de una l\u00e1mina final: aplicaci\u00f3n pr\u00e1ctica de todo lo aprendido en una composici\u00f3n final, realizando una l\u00e1mina caligr\u00e1fica personal que re\u00fana t\u00e9cnica, sensibilidad y estilo propio.<\/p>\n<p><strong>\u00a1NO TE PIERDAS ESTE PRECIOSO TALLER DE CALIGRAF\u00cdA INGLESA CON BEGO VI\u00d1UELA!<\/strong><\/p>","protected":false},"featured_media":6544,"comment_status":"closed","ping_status":"closed","template":"","meta":{"site-sidebar-layout":"default","site-content-layout":"","ast-site-content-layout":"default","site-content-style":"default","site-sidebar-style":"default","ast-global-header-display":"","ast-banner-title-visibility":"","ast-main-header-display":"","ast-hfb-above-header-display":"","ast-hfb-below-header-display":"","ast-hfb-mobile-header-display":"","site-post-title":"","ast-breadcrumbs-content":"","ast-featured-img":"","footer-sml-layout":"","ast-disable-related-posts":"","theme-transparent-header-meta":"default","adv-header-id-meta":"","stick-header-meta":"","header-above-stick-meta":"","header-main-stick-meta":"","header-below-stick-meta":"","astra-migrate-meta-layouts":"set","ast-page-background-enabled":"default","ast-page-background-meta":{"desktop":{"background-color":"var(--ast-global-color-4)","background-image":"","background-repeat":"repeat","background-position":"center center","background-size":"auto","background-attachment":"scroll","background-type":"","background-media":"","overlay-type":"","overlay-color":"","overlay-opacity":"","overlay-gradient":""},"tablet":{"background-color":"","background-image":"","background-repeat":"repeat","background-position":"center center","background-size":"auto","background-attachment":"scroll","background-type":"","background-media":"","overlay-type":"","overlay-color":"","overlay-opacity":"","overlay-gradient":""},"mobile":{"background-color":"","background-image":"","background-repeat":"repeat","background-position":"center center","background-size":"auto","background-attachment":"scroll","background-type":"","background-media":"","overlay-type":"","overlay-color":"","overlay-opacity":"","overlay-gradient":""}},"ast-content-background-meta":{"desktop":{"background-color":"var(--ast-global-color-5)","background-image":"","background-repeat":"repeat","background-position":"center center","background-size":"auto","background-attachment":"scroll","background-type":"","background-media":"","overlay-type":"","overlay-color":"","overlay-opacity":"","overlay-gradient":""},"tablet":{"background-color":"var(--ast-global-color-5)","background-image":"","background-repeat":"repeat","background-position":"center center","background-size":"auto","background-attachment":"scroll","background-type":"","background-media":"","overlay-type":"","overlay-color":"","overlay-opacity":"","overlay-gradient":""},"mobile":{"background-color":"var(--ast-global-color-5)","background-image":"","background-repeat":"repeat","background-position":"center center","background-size":"auto","background-attachment":"scroll","background-type":"","background-media":"","overlay-type":"","overlay-color":"","overlay-opacity":"","overlay-gradient":""}},"_joinchat":[]},"product_brand":[],"product_cat":[25,39],"product_tag":[95,109,108,110],"class_list":{"0":"post-6537","1":"product","2":"type-product","3":"status-publish","4":"has-post-thumbnail","6":"product_cat-dibujo-en-tinta","7":"product_cat-madrid","8":"product_tag-acuarela","9":"product_tag-caligrafia","10":"product_tag-escritura","11":"product_tag-lettering","12":"desktop-align-left","13":"tablet-align-left","14":"mobile-align-left","16":"first","17":"instock","18":"shipping-taxable","19":"purchasable","20":"product-type-simple"},"_links":{"self":[{"href":"https:\/\/pinceladasdeespana.es\/en\/wp-json\/wp\/v2\/product\/6537","targetHints":{"allow":["GET"]}}],"collection":[{"href":"https:\/\/pinceladasdeespana.es\/en\/wp-json\/wp\/v2\/product"}],"about":[{"href":"https:\/\/pinceladasdeespana.es\/en\/wp-json\/wp\/v2\/types\/product"}],"replies":[{"embeddable":true,"href":"https:\/\/pinceladasdeespana.es\/en\/wp-json\/wp\/v2\/comments?post=6537"}],"wp:featuredmedia":[{"embeddable":true,"href":"https:\/\/pinceladasdeespana.es\/en\/wp-json\/wp\/v2\/media\/6544"}],"wp:attachment":[{"href":"https:\/\/pinceladasdeespana.es\/en\/wp-json\/wp\/v2\/media?parent=6537"}],"wp:term":[{"taxonomy":"product_brand","embeddable":true,"href":"https:\/\/pinceladasdeespana.es\/en\/wp-json\/wp\/v2\/product_brand?post=6537"},{"taxonomy":"product_cat","embeddable":true,"href":"https:\/\/pinceladasdeespana.es\/en\/wp-json\/wp\/v2\/product_cat?post=6537"},{"taxonomy":"product_tag","embeddable":true,"href":"https:\/\/pinceladasdeespana.es\/en\/wp-json\/wp\/v2\/product_tag?post=6537"}],"curies":[{"name":"wp","href":"https:\/\/api.w.org\/{rel}","templated":true}]}}